{"id":73,"date":"2020-07-01T12:53:00","date_gmt":"2020-07-01T10:53:00","guid":{"rendered":"http:\/\/127.0.0.1:81\/wasiak\/?page_id=73"},"modified":"2025-06-11T08:28:48","modified_gmt":"2025-06-11T06:28:48","slug":"rodo-klauzula-informacyjna-email","status":"publish","type":"page","link":"https:\/\/komornik-plonsk.pl\/?page_id=73","title":{"rendered":"RODO &#8211; klauzula informacyjna email"},"content":{"rendered":"<p style=\"text-align: center;\"><strong>Informacja RODO<\/strong><br \/>\n<strong>dotycz\u0105ca przetwarzania danych osobowych zawartych w korespondencji elektronicznej<\/strong><\/p>\n<p style=\"text-align: justify;\">I. Administrator danych<\/p>\n<p style=\"text-align: justify;\">Komornik S\u0105dowy przy S\u0105dzie Rejonowym w P\u0142o\u0144sku Jacek Wasiak jest administratorem danych adres\u00f3w i nadawc\u00f3w wiadomo\u015bci elektronicznych.<br \/>\nZ administratorem danych mo\u017cna kontaktowa\u0107 si\u0119:<br \/>\na. pod adresem korespondencyjnym: ul. P\u00f3\u0142nocna 10D, 09-100 P\u0142o\u0144sk;<br \/>\nb. pod adresem poczty elektronicznej: plonsk.wasiak@komornik.pl;<\/p>\n<p style=\"text-align: justify;\">II. Cele i czas przetwarzania danych osobowych<\/p>\n<p style=\"text-align: justify;\">1. Administrator przetwarza informacje kontaktowe o nadawcach i adresach korespondencji elektronicznej, zawarte w tre\u015bci danej korespondencji w celu:<br \/>\na. umo\u017cliwienia ewentualnego kontaktu za po\u015brednictwem poczty elektronicznej z administratorem oraz podejmowania kontaktu z adresatami;<br \/>\nb. przyjmowania korespondencji w formie elektronicznej;<br \/>\nc. ochrony przed roszczeniami oraz dochodzenia ewentualnych roszcze\u0144;<\/p>\n<p style=\"text-align: justify;\">3. Korespondencja jest przechowywana przez okres 12 miesi\u0119cy, chyba \u017ce wiadomo\u015bci zawieraj\u0105 tre\u015bci istotne dla dochodzenia roszcze\u0144 lub obrony przed roszczeniami. W\u00f3wczas wybrane wiadomo\u015bci b\u0119d\u0105 przechowywane przez okres 3 lat, czyli do up\u0142ywu terminu przedawnienia roszcze\u0144 zgodnie z Kodeksem Cywilnym.<br \/>\n4. W przypadku korespondencji dotycz\u0105cej post\u0119powa\u0144 egzekucyjnych korespondencja elektroniczna b\u0119dzie przechowywana przez ca\u0142y okres prowadzonego post\u0119powania b\u0105d\u017a przez okres wymagany obowi\u0105zuj\u0105cymi przepisami prawa.<br \/>\n5. Do okresu przechowywania korespondencji elektronicznej dotycz\u0105cych post\u0119powa\u0144 egzekucyjnych ma zastosowanie Rozporz\u0105dzenie Ministra Sprawiedliwo\u015bci z dnia 7 pa\u017adziernika 2011 roku w sprawie przechowywania akt spraw komorniczych oraz zamkni\u0119tych urz\u0105dze\u0144 ewidencyjnych (Dz.U. 2016 poz. 370).<br \/>\n6. Ograniczenia przetwarzania danych osobowych przez administratora nie dotycz\u0105 sytuacji, w kt\u00f3rych przetwarzanie jest niezb\u0119dne do ustalenia, dochodzenia lub obrony roszcze\u0144 lub w ramach sprawowania wymiaru sprawiedliwo\u015bci przez s\u0105dy (art. 9 pkt. 2 ust. f RODO), oraz w przypadku gdy przetwarzanie danych osobowych jest niezb\u0119dne do wykonywania zadania realizowanego w interesie publicznym lub w ramach sprawowania w\u0142adzy publicznej powierzonej administratorowi (art. 6 pkt. 1 ust. e RODO)<\/p>\n<p style=\"text-align: justify;\">III. Podstawy prawne przetwarzania danych osobowych<\/p>\n<p style=\"text-align: justify;\">Podstaw\u0105 prawn\u0105 przetwarzania danych osobowych zawartych w korespondencji elektronicznej jest:<\/p>\n<p style=\"text-align: justify;\">1. prawnie uzasadniony interes administratora danych oraz nadawc\u00f3w wiadomo\u015bci elektronicznych (art. 6 ust 1 lit f RODO) &#8211; wobec korespondencji incydentalnej, polegaj\u0105cy na umo\u017cliwieniu kontaktu elektronicznego z administratorem;<\/p>\n<p style=\"text-align: justify;\">2. prawnie uzasadniony interes administratora danych polegaj\u0105cy na dochodzeniu roszcze\u0144 lub obrony przed roszczeniami, zgodnie z og\u00f3lnie obowi\u0105zuj\u0105cymi przepisami prawa, w szczeg\u00f3lno\u015bci z Kodeksem Cywilnym (art. 6 ust 1 lit f oraz art. 9 ust 2 lit f RODO);<\/p>\n<p style=\"text-align: justify;\">IV. Odbiorca danych osobowych<\/p>\n<p style=\"text-align: justify;\">Administrator danych osobowych mo\u017ce ujawnia\u0107 tre\u015b\u0107 korespondencji wy\u0142\u0105cznie w celu dochodzenia swoich roszcze\u0144 w ramach post\u0119powania oraz podmiotom wsp\u00f3\u0142pracuj\u0105cych z administratorem danych osobowych na podstawie pisemnych um\u00f3w powierzenia przetwarzania danych osobowych, w celu realizacji okre\u015blonych w umowie zada\u0144 i us\u0142ug na rzecz administratora, w szczeg\u00f3lno\u015bci w zakresie obs\u0142ugi poczty elektronicznej lub tradycyjnej, hostingu, obs\u0142ugi IT, us\u0142ug prawnych lub doradczych, obs\u0142ugi administracyjnej, realizacji ustawowych zada\u0144 ci\u0105\u017c\u0105cych na administratorze danych osobowych wynikaj\u0105cych z obowi\u0105zuj\u0105cych przepis\u00f3w prawa.<\/p>\n<p style=\"text-align: justify;\">V. Prawa os\u00f3b, kt\u00f3rych dane osobowe dotycz\u0105ca<\/p>\n<p style=\"text-align: justify;\">1. Ka\u017cda osoba, kt\u00f3rej dane dotycz\u0105, ma prawo:<br \/>\na. dost\u0119pu &#8211; uzyskanie od administratora danych potwierdzenia, czy przetwarzane s\u0105 jej dane osobowe. Je\u017celi dane osobowe s\u0105 przetwarzane, jest ona uprawniona do uzyskania dost\u0119pu do nich oraz uzyskania nast\u0119puj\u0105cych informacji: o celach przetwarzania, kategoriach danych osobowych, odbiorcach lub kategoriach odbiorc\u00f3w, kt\u00f3rym dane zosta\u0142y lub zostan\u0105 ujawnione, o okresie przechowywania danych lub o kryteriach ich ustalania, o prawie do \u017c\u0105dania sprostowania, usuni\u0119cia lub ograniczenia przetwarzania danych osobowych przys\u0142uguj\u0105cych osobie, kt\u00f3rej dane dotycz\u0105, oraz do wniesienia sprzeciwu wobec takiego przetwarzani (art. 15 RODO)<br \/>\nb. do otrzymywania kopii danych &#8211; uzyskanie kopii danych podlegaj\u0105cych przetwarzaniu, przy czym pierwsza kopia jest bezp\u0142atna, a za kolejne kopie administrator mo\u017ce na\u0142o\u017cy\u0107 op\u0142at\u0119 w rozs\u0105dnej wysoko\u015bci, wynikaj\u0105c\u0105 z koszt\u00f3w administracyjnych (art. 15 ust 3 RODO);<br \/>\nc. do sprostowania &#8211; \u017c\u0105dania sprostowania dotycz\u0105cych jej danych osobowych, kt\u00f3re s\u0105 nieprawid\u0142owe lub uzupe\u0142nienia niekompletnych danych (art. 16 RODO);<br \/>\nd. do usuni\u0119cia danych &#8211; \u017c\u0105dania usuni\u0119cia jej danych osobowych, je\u017celi administrator nie ma ju\u017c podstawy prawnej do ich przetwarzania lub dane nie s\u0105 ju\u017c niezb\u0119dne do cel\u00f3w przetwarzania (art. 17 RODO)<br \/>\ne. do ograniczonego przetwarzania &#8211; \u017c\u0105dania ograniczenia przetwarzania danych osobowych (art. 18 RODO), gdy:<br \/>\ni. osoba, kt\u00f3rej dane dotycz\u0105, kwestionuje prawid\u0142owo\u015b\u0107 danych osobowych &#8211; na okres pozwalaj\u0105cy administratorowi sprawdzi\u0107 prawid\u0142owo\u015b\u0107 tych danych;<br \/>\nii. przetwarzanie jest niezgodne z prawem, a osoba, kt\u00f3rej dane dotycz\u0105, sprzeciwia si\u0119 ich usuni\u0119ciu, \u017c\u0105daj\u0105c ograniczenia ich wykorzystywania;<br \/>\niii. administrator nie potrzebuje ju\u017c tych danych, ale s\u0105 one potrzebne osobie, kt\u00f3rej dane dotycz\u0105, do ustalenia , dochodzenia lub ochrony roszcze\u0144;<br \/>\niv. osoba kt\u00f3rej dane dotycz\u0105, wnios\u0142a sprzeciw wobec przetwarzania &#8211; do czasu stwierdzenia, czy prawnie uzasadnione podstawy po stronie administratora s\u0105 nadrz\u0119dne wobec podstaw osoby, kt\u00f3rej dane dotycz\u0105;<br \/>\nf. do przenoszenia danych &#8211; otrzymania w ustrukturyzowanym, powszechnie u\u017cywanym formacie nadaj\u0105cym si\u0119 do odczytu maszynowego danych osobowych jej dotycz\u0105cych, kt\u00f3re dostarczy\u0142a administratorowi, oraz \u017c\u0105dania przes\u0142ania tych danych innemu administratorowi, je\u017celi dane s\u0105 przetwarzane na podstawie zgody osoby, kt\u00f3rej dane dotycz\u0105, lub umowy z ni\u0105 zawartej oraz je\u017celi dane s\u0105 przetwarzane w spos\u00f3b zautomatyzowany (art. 20 RODO);<br \/>\ng. do sprzeciwu &#8211; wniesienia sprzeciwu wobec przetwarzania jej danych osobowych w prawne uzasadnionych celach administratora, z przyczyn zwi\u0105zanych z jej szczeg\u00f3ln\u0105 sytuacj\u0105, w tym profilowania. W\u00f3wczas administrator dokonuje oceny istnienia wa\u017cnych prawnie uzasadnionych podstaw do przetwarzania, nadrz\u0119dnych wobec interes\u00f3w, praw i wolno\u015bci os\u00f3b, kt\u00f3rych dane dotycz\u0105, lub podstaw do ustalenia, dochodzenia lub obrony roszcze\u0144. Je\u017celi zgodnie z ocen\u0105 interesy osoby, kt\u00f3rej dane dotycz\u0105, b\u0119d\u0105 wa\u017cniejsze od interes\u00f3w administratora, administrator b\u0119dzie zobowi\u0105zany zaprzesta\u0107 przetwarzania danych w tych celach (art. 21 RODO);<br \/>\nh. do cofni\u0119cia zgody &#8211; w ka\u017cdym momencie i bez podawania przyczyny, lecz przetwarzanie danych osobowych dokonane przed cofni\u0119ciem zgody nadal pozostanie zgodne z prawem. Cofni\u0119cie zgody spowoduje zaprzestanie przetwarzania przez administratora danych osobowych w celu, w kt\u00f3rym zgoda ta zosta\u0142a wyra\u017cona.<\/p>\n<p style=\"text-align: justify;\">2. Aby skorzysta\u0107 z wy\u017cej wymienionych praw, osoba kt\u00f3rej dane dotycz\u0105, powinna skontaktowa\u0107 si\u0119 z, wykorzystuj\u0105c dane kontaktowe, z administratorem danych osobowych i poinformowa\u0107 go, z kt\u00f3rego prawa i w jakim zakresie chce skorzysta\u0107.<\/p>\n<p style=\"text-align: justify;\">VI. Prezes Urz\u0119du Ochrony Danych Osobowych<\/p>\n<p style=\"text-align: justify;\">Osoba, kt\u00f3rej dane dotycz\u0105, ma prawo wnie\u015b\u0107 skarg\u0119 do organu nadzoru, kt\u00f3rym w Polsce jest Prezes Urz\u0119du Ochrony Danych Osobowych siedzib\u0105 w Warszawie, ul. Stawki 2, z kt\u00f3rym mo\u017cna kontaktowa\u0107 si\u0119 w nast\u0119puj\u0105cy spos\u00f3b:<\/p>\n<p style=\"text-align: justify;\">1. w formie pisemnej: ul. Stawki 2, 00-193 Warszawa<br \/>\n2. przez elektroniczn\u0105 skrzynk\u0119 podawcz\u0105 dost\u0119pn\u0105 na stronie WWW: https:\/\/www.uodo.gov.pl<br \/>\n3. telefonicznie: (22) 531-03-00<\/p>\n<p style=\"text-align: justify;\">VII. Inspektor Ochrony Danych Osobowych<\/p>\n<p style=\"text-align: justify;\">W ka\u017cdym przypadku osoba, kt\u00f3rej dane dotycz\u0105, mo\u017ce r\u00f3wnie\u017c skontaktowa\u0107 si\u0119 bezpo\u015brednio z inspektorem danych osobowych administratora:<br \/>\na. pod adresem korespondencyjnym: ul. P\u00f3\u0142nocna 10D, 09-100 P\u0142o\u0144sk;<br \/>\nb. pod adresem poczty elektronicznej: plonsk.wasiak@komornik.pl;<\/p>\n<p style=\"text-align: justify;\">VIII. Akty prawne powo\u0142ywane w klauzuli<\/p>\n<p style=\"text-align: justify;\">1. RODO &#8211; rozporz\u0105dzenie Parlamentu Europejskiego i Rady (UE) 2016\/679 z dnia 27 kwietnia 2016 r. w sprawie ochronny os\u00f3b fizycznych w zwi\u0105zku z przetwarzaniem danych osobowych i w sprawie swobodnego przep\u0142ywu takich danych oraz uchylenia dyrektywy 95\/46\/WE (Dz. Urz. UE L 2016 Nr 119);<br \/>\n2. Ustawa z dnia 18 lipca 22002 r. o \u015bwiadczeniu us\u0142ug drog\u0105 elektroniczn\u0105 (Dz.U. 2017 poz. 1219 z p\u00f3\u017an. zm.);<br \/>\n3. Ustawa z dnia 23 kwietnia 1994 r Kodeks Cywilny (Dz.U. 2018 poz. 1025 z p\u00f3\u017an. zm.);<br \/>\n4. Ustawa z dnia 17 listopada 1964 r. Kodeks Post\u0119powania Cywilnego (Dz.U. 1964 Nr 43 poz. 296 z p\u00f3\u017an. zm.);<br \/>\n5. Ustawa z dnia 22 marca 2018 r. o Komornikach s\u0105dowych (Dz.U 2018 poz.771 z p\u00f3\u017an. zm);<\/p>\n","protected":false},"excerpt":{"rendered":"<p>Informacja RODO dotycz\u0105ca przetwarzania danych osobowych zawartych w korespondencji elektronicznej I. Administrator danych Komornik S\u0105dowy przy S\u0105dzie Rejonowym w P\u0142o\u0144sku Jacek Wasiak jest administratorem danych&hellip;<\/p>\n","protected":false},"author":1,"featured_media":0,"parent":68,"menu_order":0,"comment_status":"closed","ping_status":"closed","template":"","meta":{"footnotes":""},"class_list":["post-73","page","type-page","status-publish","hentry"],"_links":{"self":[{"href":"https:\/\/komornik-plonsk.pl\/index.php?rest_route=\/wp\/v2\/pages\/73","targetHints":{"allow":["GET"]}}],"collection":[{"href":"https:\/\/komornik-plonsk.pl\/index.php?rest_route=\/wp\/v2\/pages"}],"about":[{"href":"https:\/\/komornik-plonsk.pl\/index.php?rest_route=\/wp\/v2\/types\/page"}],"author":[{"embeddable":true,"href":"https:\/\/komornik-plonsk.pl\/index.php?rest_route=\/wp\/v2\/users\/1"}],"replies":[{"embeddable":true,"href":"https:\/\/komornik-plonsk.pl\/index.php?rest_route=%2Fwp%2Fv2%2Fcomments&post=73"}],"version-history":[{"count":7,"href":"https:\/\/komornik-plonsk.pl\/index.php?rest_route=\/wp\/v2\/pages\/73\/revisions"}],"predecessor-version":[{"id":130,"href":"https:\/\/komornik-plonsk.pl\/index.php?rest_route=\/wp\/v2\/pages\/73\/revisions\/130"}],"up":[{"embeddable":true,"href":"https:\/\/komornik-plonsk.pl\/index.php?rest_route=\/wp\/v2\/pages\/68"}],"wp:attachment":[{"href":"https:\/\/komornik-plonsk.pl\/index.php?rest_route=%2Fwp%2Fv2%2Fmedia&parent=73"}],"curies":[{"name":"wp","href":"https:\/\/api.w.org\/{rel}","templated":true}]}}