{"id":19,"date":"2020-06-21T18:48:33","date_gmt":"2020-06-21T16:48:33","guid":{"rendered":"http:\/\/www.komornik-pragapoludnie.com.pl\/?page_id=19"},"modified":"2022-04-19T09:32:33","modified_gmt":"2022-04-19T07:32:33","slug":"wlasciwosc-miejscowa","status":"publish","type":"page","link":"https:\/\/komornik-plonsk.pl\/?page_id=19","title":{"rendered":"W\u0142a\u015bciwo\u015b\u0107 miejscowa"},"content":{"rendered":"<p style=\"text-align: justify;\">Rewirem komorniczym Komornika S\u0105dowego Jacka Wasiaka jest obszar w\u0142a\u015bciwo\u015bci S\u0105du Rejonowego w P\u0142o\u0144sku<\/p>\n<p style=\"text-align: justify;\">Jednak\u017ce zgodnie z decyzj\u0105 wierzyciela, stosownie do dyspozycji art. 10 ustawy z dnia 22 marca 2018 r. o komornikach s\u0105dowych (Dz.U. 2018 poz. 771 z p\u00f3\u017an. zm.) ma on prawo wyboru komornika s\u0105dowego na obszarze w\u0142a\u015bciwo\u015bci s\u0105du apelacyjnego, na kt\u00f3rym znajduje si\u0119 siedziba kancelarii komornika w\u0142a\u015bciwego zgodnie z przepisami ustawy z dnia 17 listopada 1964 r. \u2013 Kodeks post\u0119powania cywilnego.<\/p>\n<p style=\"text-align: justify;\">Wierzyciel ma prawo wyboru komornika na terenie apelacji, z wyj\u0105tkiem spraw:<\/p>\n<p style=\"text-align: justify;\">1) o egzekucj\u0119 z nieruchomo\u015bci;<\/p>\n<p style=\"text-align: justify;\">2) o wydanie nieruchomo\u015bci;<\/p>\n<p style=\"text-align: justify;\">3) o wprowadzenie w posiadanie nieruchomo\u015bci;<\/p>\n<p style=\"text-align: justify;\">4) o opr\u00f3\u017cnienie pomieszcze\u0144, w tym lokali mieszkalnych, z os\u00f3b lub rzeczy;<\/p>\n<p style=\"text-align: justify;\">5) w kt\u00f3rych przepisy o egzekucji z nieruchomo\u015bci stosuje si\u0119 odpowiednio.<\/p>\n<p style=\"text-align: justify;\">W przypadku wyboru komornik dzia\u0142a poza obszarem swojego rewiru komorniczego.<br \/>\nEgzekucja z nieruchomo\u015bci nale\u017cy do komornika dzia\u0142aj\u0105cego przy s\u0105dzie, w kt\u00f3rego okr\u0119gu nieruchomo\u015b\u0107 jest po\u0142o\u017cona. Tutejszy komornik prowadzi egzekucj\u0119 wy\u0142\u0105cznie z nieruchomo\u015bci po\u0142o\u017conych na obszarze S\u0105du Rejonowego w P\u0142o\u0144sku.<\/p>\n","protected":false},"excerpt":{"rendered":"<p>Rewirem komorniczym Komornika S\u0105dowego Jacka Wasiaka jest obszar w\u0142a\u015bciwo\u015bci S\u0105du Rejonowego w P\u0142o\u0144sku Jednak\u017ce zgodnie z decyzj\u0105 wierzyciela, stosownie do dyspozycji art. 10 ustawy z&hellip;<\/p>\n","protected":false},"author":1,"featured_media":0,"parent":0,"menu_order":0,"comment_status":"closed","ping_status":"closed","template":"","meta":{"footnotes":""},"class_list":["post-19","page","type-page","status-publish","hentry"],"_links":{"self":[{"href":"https:\/\/komornik-plonsk.pl\/index.php?rest_route=\/wp\/v2\/pages\/19","targetHints":{"allow":["GET"]}}],"collection":[{"href":"https:\/\/komornik-plonsk.pl\/index.php?rest_route=\/wp\/v2\/pages"}],"about":[{"href":"https:\/\/komornik-plonsk.pl\/index.php?rest_route=\/wp\/v2\/types\/page"}],"author":[{"embeddable":true,"href":"https:\/\/komornik-plonsk.pl\/index.php?rest_route=\/wp\/v2\/users\/1"}],"replies":[{"embeddable":true,"href":"https:\/\/komornik-plonsk.pl\/index.php?rest_route=%2Fwp%2Fv2%2Fcomments&post=19"}],"version-history":[{"count":4,"href":"https:\/\/komornik-plonsk.pl\/index.php?rest_route=\/wp\/v2\/pages\/19\/revisions"}],"predecessor-version":[{"id":119,"href":"https:\/\/komornik-plonsk.pl\/index.php?rest_route=\/wp\/v2\/pages\/19\/revisions\/119"}],"wp:attachment":[{"href":"https:\/\/komornik-plonsk.pl\/index.php?rest_route=%2Fwp%2Fv2%2Fmedia&parent=19"}],"curies":[{"name":"wp","href":"https:\/\/api.w.org\/{rel}","templated":true}]}}